{"id":3827,"date":"2022-07-21T08:49:42","date_gmt":"2022-07-21T08:49:42","guid":{"rendered":"https:\/\/neu.gelinstrumente.ch\/quality-iso\/"},"modified":"2024-03-01T12:29:40","modified_gmt":"2024-03-01T12:29:40","slug":"quality-iso","status":"publish","type":"page","link":"https:\/\/gelinstrumente.ch\/en\/quality-iso\/","title":{"rendered":"Quality\/ISO"},"content":{"rendered":"\t\t<div data-elementor-type=\"wp-post\" data-elementor-id=\"3827\" class=\"elementor elementor-3827 elementor-3215\">\n\t\t\t\t\t\t<section class=\"elementor-section elementor-top-section elementor-element elementor-element-994ac0a ws-about elementor-section-stretched elementor-section-boxed elementor-section-height-default elementor-section-height-default\" data-id=\"994ac0a\" data-element_type=\"section\" data-e-type=\"section\" id=\"ws-about\" data-settings=\"{&quot;stretch_section&quot;:&quot;section-stretched&quot;,&quot;background_background&quot;:&quot;classic&quot;}\">\n\t\t\t\t\t\t<div class=\"elementor-container elementor-column-gap-default\">\n\t\t\t\t\t<div class=\"elementor-column elementor-col-100 elementor-top-column elementor-element elementor-element-fb1317d\" data-id=\"fb1317d\" data-element_type=\"column\" data-e-type=\"column\">\n\t\t\t<div class=\"elementor-widget-wrap elementor-element-populated\">\n\t\t\t\t\t\t<div class=\"elementor-element elementor-element-1c48011 elementor-widget elementor-widget-spacer\" data-id=\"1c48011\" data-element_type=\"widget\" data-e-type=\"widget\" data-widget_type=\"spacer.default\">\n\t\t\t\t<div class=\"elementor-widget-container\">\n\t\t\t\t\t\t\t<div class=\"elementor-spacer\">\n\t\t\t<div class=\"elementor-spacer-inner\"><\/div>\n\t\t<\/div>\n\t\t\t\t\t\t<\/div>\n\t\t\t\t<\/div>\n\t\t\t\t<div class=\"elementor-element elementor-element-f2bf407 elementor-widget elementor-widget-heading\" data-id=\"f2bf407\" data-element_type=\"widget\" data-e-type=\"widget\" data-widget_type=\"heading.default\">\n\t\t\t\t<div class=\"elementor-widget-container\">\n\t\t\t\t\t<h2 class=\"elementor-heading-title elementor-size-default\">Quality &amp; ISO<\/h2>\t\t\t\t<\/div>\n\t\t\t\t<\/div>\n\t\t\t\t\t<\/div>\n\t\t<\/div>\n\t\t\t\t\t<\/div>\n\t\t<\/section>\n\t\t\t\t<section class=\"elementor-section elementor-top-section elementor-element elementor-element-8b4f999 elementor-section-boxed elementor-section-height-default elementor-section-height-default\" data-id=\"8b4f999\" data-element_type=\"section\" data-e-type=\"section\">\n\t\t\t\t\t\t<div class=\"elementor-container elementor-column-gap-default\">\n\t\t\t\t\t<div class=\"elementor-column elementor-col-50 elementor-top-column elementor-element elementor-element-6ecba98\" data-id=\"6ecba98\" data-element_type=\"column\" data-e-type=\"column\">\n\t\t\t<div class=\"elementor-widget-wrap elementor-element-populated\">\n\t\t\t\t\t\t<div class=\"elementor-element elementor-element-3a383b0 elementor-widget elementor-widget-heading\" data-id=\"3a383b0\" data-element_type=\"widget\" data-e-type=\"widget\" data-widget_type=\"heading.default\">\n\t\t\t\t<div class=\"elementor-widget-container\">\n\t\t\t\t\t<h2 class=\"elementor-heading-title elementor-size-default\">ISO 9001<\/h2>\t\t\t\t<\/div>\n\t\t\t\t<\/div>\n\t\t\t\t<div class=\"elementor-element elementor-element-1990329 elementor-widget elementor-widget-text-editor\" data-id=\"1990329\" data-element_type=\"widget\" data-e-type=\"widget\" data-widget_type=\"text-editor.default\">\n\t\t\t\t<div class=\"elementor-widget-container\">\n\t\t\t\t\t\t\t\t\t<p><strong>Customer<\/strong><\/p>\n<p>The core of our quality management is the fulfillment of customer requirements in our business area. Our sustainable success will only be achieved if the needs and satisfaction of our customers are thoroughly understood and taken into account in the service delivery process. All our products are easy to use, with proven safety and long lasting. Unser nachhaltiger Erfolg wird nur dann erreicht, wenn die Bed\u00fcrfnisse bzw. Zufriedenheit der Kunden gr\u00fcndlich verstanden werden und im Prozess der Leistungserbringung Ber\u00fccksichtigung finden. All unsere Produkte sind einfach zu bedienen, mit gepr\u00fcfter Sicherheit und langlebig.  <\/p>\n<p><strong>Employees  <\/strong><\/p>\n<p>An elementary part of our company is the use of competent, authorized and committed employees. The recognition, empowerment and promotion of competences facilitates the involvement of our employees in achieving our quality goals. <\/p>\n<p><strong>Process<\/strong><\/p>\n<p>If different activities are understood as coherent processes and thus as part of a system, this facilitates or facilitates an optimization of the performance of the management system.<\/p>\n<p><strong>Improvement  <\/strong><\/p>\n<p>The improvements we make are substantial, the continuous improvement process is an integral part of ISO 9001 and our quality management. We continue to evolve, maintaining performance and competitiveness, responding to dynamic internal and external developments and identifying new opportunities. <\/p>\n<p><strong>Relationship <\/strong><\/p>\n<p>The relationship management with us has the benefit of all interested parties (for example, customers, suppliers, your own company) to the goal. Targeted control of all relationships increases the likelihood of lasting success. Our ISO 9001 certificate Responsible: Mario Baumann <\/p>\n<p>Responsible person: Mario Baumann<\/p>\n\t\t\t\t\t\t\t\t<\/div>\n\t\t\t\t<\/div>\n\t\t\t\t\t<\/div>\n\t\t<\/div>\n\t\t\t\t<div class=\"elementor-column elementor-col-50 elementor-top-column elementor-element elementor-element-e393165\" data-id=\"e393165\" data-element_type=\"column\" data-e-type=\"column\">\n\t\t\t<div class=\"elementor-widget-wrap elementor-element-populated\">\n\t\t\t\t\t\t<div class=\"elementor-element elementor-element-59fc3bd elementor-widget elementor-widget-heading\" data-id=\"59fc3bd\" data-element_type=\"widget\" data-e-type=\"widget\" data-widget_type=\"heading.default\">\n\t\t\t\t<div class=\"elementor-widget-container\">\n\t\t\t\t\t<h2 class=\"elementor-heading-title elementor-size-default\">ISO 14001<\/h2>\t\t\t\t<\/div>\n\t\t\t\t<\/div>\n\t\t\t\t<div class=\"elementor-element elementor-element-3a7e54bc elementor-widget elementor-widget-text-editor\" data-id=\"3a7e54bc\" data-element_type=\"widget\" data-e-type=\"widget\" data-widget_type=\"text-editor.default\">\n\t\t\t\t<div class=\"elementor-widget-container\">\n\t\t\t\t\t\t\t\t\t<p><strong>Our main goals<br \/><\/strong><\/p>\n<ul>\n<li>Environmental policy<\/li>\n<li>Planning<\/li>\n<li>Realization and implementation<\/li>\n<li>Corrective and improvement actions<\/li>\n<li>ISO 14001 environmental management is compatible with other recognized management system standards, such as ISO 9001. It is therefore ideal for integration into existing management systems and processes. <\/li>\n<li>Gel Instrumente AG identifies environmental impacts and aspects and introduces process improvement measures in key areas.<\/li>\n<li>Implementing ISO 14001 with us is the best way to proactively manage the environmental impact of operations.<\/li>\n<li>We live the environmental management system and strive for more than just compliance with the norm.<\/li>\n<li>Our focus is continuous improvement.<\/li>\n<\/ul>\n\t\t\t\t\t\t\t\t<\/div>\n\t\t\t\t<\/div>\n\t\t\t\t<section class=\"elementor-section elementor-inner-section elementor-element elementor-element-2273cce elementor-section-boxed elementor-section-height-default elementor-section-height-default\" data-id=\"2273cce\" data-element_type=\"section\" data-e-type=\"section\">\n\t\t\t\t\t\t<div class=\"elementor-container elementor-column-gap-default\">\n\t\t\t\t\t<div class=\"elementor-column elementor-col-50 elementor-inner-column elementor-element elementor-element-e7d96da\" data-id=\"e7d96da\" data-element_type=\"column\" data-e-type=\"column\">\n\t\t\t<div class=\"elementor-widget-wrap elementor-element-populated\">\n\t\t\t\t\t\t<div class=\"elementor-element elementor-element-0c1aac4 elementor-widget elementor-widget-image\" data-id=\"0c1aac4\" data-element_type=\"widget\" data-e-type=\"widget\" data-widget_type=\"image.default\">\n\t\t\t\t<div class=\"elementor-widget-container\">\n\t\t\t\t\t\t\t\t\t\t\t\t\t\t\t\t<a href=\"\/wp-content\/uploads\/2023\/05\/ISO-9001_GEL-Instrumente_EN.pdf\" target=\"_blank\">\n\t\t\t\t\t\t\t<img decoding=\"async\" width=\"100\" height=\"100\" src=\"https:\/\/gelinstrumente.ch\/wp-content\/uploads\/2024\/03\/attesta-iso-label_9001-schwarz-100x100.png\" class=\"attachment-woocommerce_gallery_thumbnail size-woocommerce_gallery_thumbnail wp-image-4266\" alt=\"\" srcset=\"https:\/\/gelinstrumente.ch\/wp-content\/uploads\/2024\/03\/attesta-iso-label_9001-schwarz-100x100.png 100w, https:\/\/gelinstrumente.ch\/wp-content\/uploads\/2024\/03\/attesta-iso-label_9001-schwarz-400x400.png 400w, https:\/\/gelinstrumente.ch\/wp-content\/uploads\/2024\/03\/attesta-iso-label_9001-schwarz-1024x1024.png 1024w, https:\/\/gelinstrumente.ch\/wp-content\/uploads\/2024\/03\/attesta-iso-label_9001-schwarz-300x300.png 300w, https:\/\/gelinstrumente.ch\/wp-content\/uploads\/2024\/03\/attesta-iso-label_9001-schwarz-768x768.png 768w, https:\/\/gelinstrumente.ch\/wp-content\/uploads\/2024\/03\/attesta-iso-label_9001-schwarz-1536x1536.png 1536w, https:\/\/gelinstrumente.ch\/wp-content\/uploads\/2024\/03\/attesta-iso-label_9001-schwarz-2048x2048.png 2048w, https:\/\/gelinstrumente.ch\/wp-content\/uploads\/2024\/03\/attesta-iso-label_9001-schwarz-1200x1200.png 1200w, https:\/\/gelinstrumente.ch\/wp-content\/uploads\/2024\/03\/attesta-iso-label_9001-schwarz-600x600.png 600w\" sizes=\"(max-width: 100px) 85vw, 100px\" \/>\t\t\t\t\t\t\t\t<\/a>\n\t\t\t\t\t\t\t\t\t\t\t\t\t\t\t<\/div>\n\t\t\t\t<\/div>\n\t\t\t\t\t<\/div>\n\t\t<\/div>\n\t\t\t\t<div class=\"elementor-column elementor-col-50 elementor-inner-column elementor-element elementor-element-fc7cec4\" data-id=\"fc7cec4\" data-element_type=\"column\" data-e-type=\"column\">\n\t\t\t<div class=\"elementor-widget-wrap elementor-element-populated\">\n\t\t\t\t\t\t<div class=\"elementor-element elementor-element-773c30e elementor-widget elementor-widget-image\" data-id=\"773c30e\" data-element_type=\"widget\" data-e-type=\"widget\" data-widget_type=\"image.default\">\n\t\t\t\t<div class=\"elementor-widget-container\">\n\t\t\t\t\t\t\t\t\t\t\t\t\t\t\t\t<a href=\"\/wp-content\/uploads\/2023\/05\/ISO-14001_GEL-Instrumente_EN.pdf\" target=\"_blank\">\n\t\t\t\t\t\t\t<img decoding=\"async\" width=\"100\" height=\"100\" src=\"https:\/\/gelinstrumente.ch\/wp-content\/uploads\/2024\/03\/attesta-iso-label_14001-farbe-100x100.png\" class=\"attachment-woocommerce_gallery_thumbnail size-woocommerce_gallery_thumbnail wp-image-4268\" alt=\"\" srcset=\"https:\/\/gelinstrumente.ch\/wp-content\/uploads\/2024\/03\/attesta-iso-label_14001-farbe-100x100.png 100w, https:\/\/gelinstrumente.ch\/wp-content\/uploads\/2024\/03\/attesta-iso-label_14001-farbe-400x400.png 400w, https:\/\/gelinstrumente.ch\/wp-content\/uploads\/2024\/03\/attesta-iso-label_14001-farbe-1024x1024.png 1024w, https:\/\/gelinstrumente.ch\/wp-content\/uploads\/2024\/03\/attesta-iso-label_14001-farbe-300x300.png 300w, https:\/\/gelinstrumente.ch\/wp-content\/uploads\/2024\/03\/attesta-iso-label_14001-farbe-768x768.png 768w, https:\/\/gelinstrumente.ch\/wp-content\/uploads\/2024\/03\/attesta-iso-label_14001-farbe-1536x1536.png 1536w, https:\/\/gelinstrumente.ch\/wp-content\/uploads\/2024\/03\/attesta-iso-label_14001-farbe-2048x2048.png 2048w, https:\/\/gelinstrumente.ch\/wp-content\/uploads\/2024\/03\/attesta-iso-label_14001-farbe-1200x1200.png 1200w, https:\/\/gelinstrumente.ch\/wp-content\/uploads\/2024\/03\/attesta-iso-label_14001-farbe-600x600.png 600w\" sizes=\"(max-width: 100px) 85vw, 100px\" \/>\t\t\t\t\t\t\t\t<\/a>\n\t\t\t\t\t\t\t\t\t\t\t\t\t\t\t<\/div>\n\t\t\t\t<\/div>\n\t\t\t\t\t<\/div>\n\t\t<\/div>\n\t\t\t\t\t<\/div>\n\t\t<\/section>\n\t\t\t\t\t<\/div>\n\t\t<\/div>\n\t\t\t\t\t<\/div>\n\t\t<\/section>\n\t\t\t\t<\/div>\n\t\t","protected":false},"excerpt":{"rendered":"<p>Quality &amp; ISO ISO 9001 Customer The core of our quality management is the fulfillment of customer requirements in our business area. Our sustainable success will only be achieved if the needs and satisfaction of our customers are thoroughly understood and taken into account in the service delivery process. All our products are easy to &hellip; <a href=\"https:\/\/gelinstrumente.ch\/en\/quality-iso\/\" class=\"more-link\">Continue reading<span class=\"screen-reader-text\"> &#8220;Quality\/ISO&#8221;<\/span><\/a><\/p>\n","protected":false},"author":5,"featured_media":0,"parent":0,"menu_order":0,"comment_status":"closed","ping_status":"closed","template":"elementor_header_footer","meta":{"footnotes":""},"class_list":["post-3827","page","type-page","status-publish","hentry"],"yoast_head":"<!-- This site is optimized with the Yoast SEO plugin v27.3 - https:\/\/yoast.com\/product\/yoast-seo-wordpress\/ -->\n<title>Quality\/ISO - Gel Instrumente AG<\/title>\n<meta name=\"robots\" content=\"index, follow, max-snippet:-1, max-image-preview:large, max-video-preview:-1\" \/>\n<link rel=\"canonical\" href=\"https:\/\/gelinstrumente.ch\/en\/quality-iso\/\" \/>\n<meta property=\"og:locale\" content=\"en_US\" \/>\n<meta property=\"og:type\" content=\"article\" \/>\n<meta property=\"og:title\" content=\"Quality\/ISO - Gel Instrumente AG\" \/>\n<meta property=\"og:description\" content=\"Quality &amp; ISO ISO 9001 Customer The core of our quality management is the fulfillment of customer requirements in our business area. Our sustainable success will only be achieved if the needs and satisfaction of our customers are thoroughly understood and taken into account in the service delivery process. All our products are easy to &hellip; Continue reading &quot;Quality\/ISO&quot;\" \/>\n<meta property=\"og:url\" content=\"https:\/\/gelinstrumente.ch\/en\/quality-iso\/\" \/>\n<meta property=\"og:site_name\" content=\"Gel Instrumente AG\" \/>\n<meta property=\"article:modified_time\" content=\"2024-03-01T12:29:40+00:00\" \/>\n<meta property=\"og:image\" content=\"https:\/\/gelinstrumente.ch\/wp-content\/uploads\/2024\/03\/attesta-iso-label_9001-schwarz-100x100.png\" \/>\n<meta name=\"twitter:card\" content=\"summary_large_image\" \/>\n<meta name=\"twitter:label1\" content=\"Est. reading time\" \/>\n\t<meta name=\"twitter:data1\" content=\"2 minutes\" \/>\n<script type=\"application\/ld+json\" class=\"yoast-schema-graph\">{\"@context\":\"https:\\\/\\\/schema.org\",\"@graph\":[{\"@type\":\"WebPage\",\"@id\":\"https:\\\/\\\/gelinstrumente.ch\\\/en\\\/quality-iso\\\/\",\"url\":\"https:\\\/\\\/gelinstrumente.ch\\\/en\\\/quality-iso\\\/\",\"name\":\"Quality\\\/ISO - Gel Instrumente AG\",\"isPartOf\":{\"@id\":\"https:\\\/\\\/gelinstrumente.ch\\\/en\\\/#website\"},\"primaryImageOfPage\":{\"@id\":\"https:\\\/\\\/gelinstrumente.ch\\\/en\\\/quality-iso\\\/#primaryimage\"},\"image\":{\"@id\":\"https:\\\/\\\/gelinstrumente.ch\\\/en\\\/quality-iso\\\/#primaryimage\"},\"thumbnailUrl\":\"https:\\\/\\\/gelinstrumente.ch\\\/wp-content\\\/uploads\\\/2024\\\/03\\\/attesta-iso-label_9001-schwarz-100x100.png\",\"datePublished\":\"2022-07-21T08:49:42+00:00\",\"dateModified\":\"2024-03-01T12:29:40+00:00\",\"breadcrumb\":{\"@id\":\"https:\\\/\\\/gelinstrumente.ch\\\/en\\\/quality-iso\\\/#breadcrumb\"},\"inLanguage\":\"en-US\",\"potentialAction\":[{\"@type\":\"ReadAction\",\"target\":[\"https:\\\/\\\/gelinstrumente.ch\\\/en\\\/quality-iso\\\/\"]}]},{\"@type\":\"ImageObject\",\"inLanguage\":\"en-US\",\"@id\":\"https:\\\/\\\/gelinstrumente.ch\\\/en\\\/quality-iso\\\/#primaryimage\",\"url\":\"https:\\\/\\\/gelinstrumente.ch\\\/wp-content\\\/uploads\\\/2024\\\/03\\\/attesta-iso-label_9001-schwarz-100x100.png\",\"contentUrl\":\"https:\\\/\\\/gelinstrumente.ch\\\/wp-content\\\/uploads\\\/2024\\\/03\\\/attesta-iso-label_9001-schwarz-100x100.png\"},{\"@type\":\"BreadcrumbList\",\"@id\":\"https:\\\/\\\/gelinstrumente.ch\\\/en\\\/quality-iso\\\/#breadcrumb\",\"itemListElement\":[{\"@type\":\"ListItem\",\"position\":1,\"name\":\"Startseite\",\"item\":\"https:\\\/\\\/gelinstrumente.ch\\\/en\\\/home\\\/\"},{\"@type\":\"ListItem\",\"position\":2,\"name\":\"Quality\\\/ISO\"}]},{\"@type\":\"WebSite\",\"@id\":\"https:\\\/\\\/gelinstrumente.ch\\\/en\\\/#website\",\"url\":\"https:\\\/\\\/gelinstrumente.ch\\\/en\\\/\",\"name\":\"Gel Instrumente AG\",\"description\":\"Inovativ\",\"publisher\":{\"@id\":\"https:\\\/\\\/gelinstrumente.ch\\\/en\\\/#organization\"},\"potentialAction\":[{\"@type\":\"SearchAction\",\"target\":{\"@type\":\"EntryPoint\",\"urlTemplate\":\"https:\\\/\\\/gelinstrumente.ch\\\/en\\\/?s={search_term_string}\"},\"query-input\":{\"@type\":\"PropertyValueSpecification\",\"valueRequired\":true,\"valueName\":\"search_term_string\"}}],\"inLanguage\":\"en-US\"},{\"@type\":\"Organization\",\"@id\":\"https:\\\/\\\/gelinstrumente.ch\\\/en\\\/#organization\",\"name\":\"Gel Instrumente AG\",\"url\":\"https:\\\/\\\/gelinstrumente.ch\\\/en\\\/\",\"logo\":{\"@type\":\"ImageObject\",\"inLanguage\":\"en-US\",\"@id\":\"https:\\\/\\\/gelinstrumente.ch\\\/en\\\/#\\\/schema\\\/logo\\\/image\\\/\",\"url\":\"https:\\\/\\\/gelinstrumente.ch\\\/wp-content\\\/uploads\\\/2022\\\/10\\\/logo-gelinstrumente-1.png\",\"contentUrl\":\"https:\\\/\\\/gelinstrumente.ch\\\/wp-content\\\/uploads\\\/2022\\\/10\\\/logo-gelinstrumente-1.png\",\"width\":300,\"height\":40,\"caption\":\"Gel Instrumente AG\"},\"image\":{\"@id\":\"https:\\\/\\\/gelinstrumente.ch\\\/en\\\/#\\\/schema\\\/logo\\\/image\\\/\"}}]}<\/script>\n<!-- \/ Yoast SEO plugin. -->","yoast_head_json":{"title":"Quality\/ISO - Gel Instrumente AG","robots":{"index":"index","follow":"follow","max-snippet":"max-snippet:-1","max-image-preview":"max-image-preview:large","max-video-preview":"max-video-preview:-1"},"canonical":"https:\/\/gelinstrumente.ch\/en\/quality-iso\/","og_locale":"en_US","og_type":"article","og_title":"Quality\/ISO - Gel Instrumente AG","og_description":"Quality &amp; ISO ISO 9001 Customer The core of our quality management is the fulfillment of customer requirements in our business area. Our sustainable success will only be achieved if the needs and satisfaction of our customers are thoroughly understood and taken into account in the service delivery process. All our products are easy to &hellip; Continue reading \"Quality\/ISO\"","og_url":"https:\/\/gelinstrumente.ch\/en\/quality-iso\/","og_site_name":"Gel Instrumente AG","article_modified_time":"2024-03-01T12:29:40+00:00","og_image":[{"url":"https:\/\/gelinstrumente.ch\/wp-content\/uploads\/2024\/03\/attesta-iso-label_9001-schwarz-100x100.png","type":"","width":"","height":""}],"twitter_card":"summary_large_image","twitter_misc":{"Est. reading time":"2 minutes"},"schema":{"@context":"https:\/\/schema.org","@graph":[{"@type":"WebPage","@id":"https:\/\/gelinstrumente.ch\/en\/quality-iso\/","url":"https:\/\/gelinstrumente.ch\/en\/quality-iso\/","name":"Quality\/ISO - Gel Instrumente AG","isPartOf":{"@id":"https:\/\/gelinstrumente.ch\/en\/#website"},"primaryImageOfPage":{"@id":"https:\/\/gelinstrumente.ch\/en\/quality-iso\/#primaryimage"},"image":{"@id":"https:\/\/gelinstrumente.ch\/en\/quality-iso\/#primaryimage"},"thumbnailUrl":"https:\/\/gelinstrumente.ch\/wp-content\/uploads\/2024\/03\/attesta-iso-label_9001-schwarz-100x100.png","datePublished":"2022-07-21T08:49:42+00:00","dateModified":"2024-03-01T12:29:40+00:00","breadcrumb":{"@id":"https:\/\/gelinstrumente.ch\/en\/quality-iso\/#breadcrumb"},"inLanguage":"en-US","potentialAction":[{"@type":"ReadAction","target":["https:\/\/gelinstrumente.ch\/en\/quality-iso\/"]}]},{"@type":"ImageObject","inLanguage":"en-US","@id":"https:\/\/gelinstrumente.ch\/en\/quality-iso\/#primaryimage","url":"https:\/\/gelinstrumente.ch\/wp-content\/uploads\/2024\/03\/attesta-iso-label_9001-schwarz-100x100.png","contentUrl":"https:\/\/gelinstrumente.ch\/wp-content\/uploads\/2024\/03\/attesta-iso-label_9001-schwarz-100x100.png"},{"@type":"BreadcrumbList","@id":"https:\/\/gelinstrumente.ch\/en\/quality-iso\/#breadcrumb","itemListElement":[{"@type":"ListItem","position":1,"name":"Startseite","item":"https:\/\/gelinstrumente.ch\/en\/home\/"},{"@type":"ListItem","position":2,"name":"Quality\/ISO"}]},{"@type":"WebSite","@id":"https:\/\/gelinstrumente.ch\/en\/#website","url":"https:\/\/gelinstrumente.ch\/en\/","name":"Gel Instrumente AG","description":"Inovativ","publisher":{"@id":"https:\/\/gelinstrumente.ch\/en\/#organization"},"potentialAction":[{"@type":"SearchAction","target":{"@type":"EntryPoint","urlTemplate":"https:\/\/gelinstrumente.ch\/en\/?s={search_term_string}"},"query-input":{"@type":"PropertyValueSpecification","valueRequired":true,"valueName":"search_term_string"}}],"inLanguage":"en-US"},{"@type":"Organization","@id":"https:\/\/gelinstrumente.ch\/en\/#organization","name":"Gel Instrumente AG","url":"https:\/\/gelinstrumente.ch\/en\/","logo":{"@type":"ImageObject","inLanguage":"en-US","@id":"https:\/\/gelinstrumente.ch\/en\/#\/schema\/logo\/image\/","url":"https:\/\/gelinstrumente.ch\/wp-content\/uploads\/2022\/10\/logo-gelinstrumente-1.png","contentUrl":"https:\/\/gelinstrumente.ch\/wp-content\/uploads\/2022\/10\/logo-gelinstrumente-1.png","width":300,"height":40,"caption":"Gel Instrumente AG"},"image":{"@id":"https:\/\/gelinstrumente.ch\/en\/#\/schema\/logo\/image\/"}}]}},"_links":{"self":[{"href":"https:\/\/gelinstrumente.ch\/en\/wp-json\/wp\/v2\/pages\/3827","targetHints":{"allow":["GET"]}}],"collection":[{"href":"https:\/\/gelinstrumente.ch\/en\/wp-json\/wp\/v2\/pages"}],"about":[{"href":"https:\/\/gelinstrumente.ch\/en\/wp-json\/wp\/v2\/types\/page"}],"author":[{"embeddable":true,"href":"https:\/\/gelinstrumente.ch\/en\/wp-json\/wp\/v2\/users\/5"}],"replies":[{"embeddable":true,"href":"https:\/\/gelinstrumente.ch\/en\/wp-json\/wp\/v2\/comments?post=3827"}],"version-history":[{"count":5,"href":"https:\/\/gelinstrumente.ch\/en\/wp-json\/wp\/v2\/pages\/3827\/revisions"}],"predecessor-version":[{"id":4286,"href":"https:\/\/gelinstrumente.ch\/en\/wp-json\/wp\/v2\/pages\/3827\/revisions\/4286"}],"wp:attachment":[{"href":"https:\/\/gelinstrumente.ch\/en\/wp-json\/wp\/v2\/media?parent=3827"}],"curies":[{"name":"wp","href":"https:\/\/api.w.org\/{rel}","templated":true}]}}